{"id":23,"date":"2026-03-09T11:21:39","date_gmt":"2026-03-09T11:21:39","guid":{"rendered":"https:\/\/jamkuly.website\/?page_id=23"},"modified":"2026-03-09T11:21:42","modified_gmt":"2026-03-09T11:21:42","slug":"contatos","status":"publish","type":"page","link":"https:\/\/jamkuly.website\/?page_id=23","title":{"rendered":"Contatos"},"content":{"rendered":"\n<p>Estamos aqui para resolver qualquer falha no seu dispositivo m\u00f3vel com o rigor de quem entende a tecnologia por dentro. A nossa oficina foca se na qualidade e na transpar\u00eancia do servi\u00e7o t\u00e9cnico para garantir a sua total satisfa\u00e7\u00e3o.<\/p>\n\n\n\n<p><strong>Hor\u00e1rio de funcionamento<\/strong><br>Segunda a Sexta: 09:30 \u00e0s 19:00<br>S\u00e1bado: 10:00 \u00e0s 14:00<\/p>\n\n\n\n<p><strong>Onde estamos e como falar connosco<\/strong><br>Telefone: <strong>+351-129-364-401<\/strong><br>E-mail: <strong>mail@jamkuly.website<\/strong><br>Morada em Lisboa: <strong>R. dos Douradores 177, 1100-422 Lisboa, \u041f\u043e\u0440\u0442\u0443\u0433\u0430\u043b\u0438\u044f<\/strong><\/p>\n","protected":false},"excerpt":{"rendered":"<p>Estamos aqui para resolver qualquer falha no seu dispositivo m\u00f3vel com o rigor de quem entende a tecnologia por dentro. A nossa oficina foca se na qualidade e na transpar\u00eancia do servi\u00e7o t\u00e9cnico para garantir a sua total satisfa\u00e7\u00e3o. Hor\u00e1rio de funcionamentoSegunda a Sexta: 09:30 \u00e0s 19:00S\u00e1bado: 10:00 \u00e0s 14:00 Onde estamos e como falar [&hellip;]<\/p>\n","protected":false},"author":1,"featured_media":0,"parent":0,"menu_order":5,"comment_status":"closed","ping_status":"closed","template":"","meta":{"footnotes":""},"class_list":["post-23","page","type-page","status-publish","hentry"],"_links":{"self":[{"href":"https:\/\/jamkuly.website\/index.php?rest_route=\/wp\/v2\/pages\/23","targetHints":{"allow":["GET"]}}],"collection":[{"href":"https:\/\/jamkuly.website\/index.php?rest_route=\/wp\/v2\/pages"}],"about":[{"href":"https:\/\/jamkuly.website\/index.php?rest_route=\/wp\/v2\/types\/page"}],"author":[{"embeddable":true,"href":"https:\/\/jamkuly.website\/index.php?rest_route=\/wp\/v2\/users\/1"}],"replies":[{"embeddable":true,"href":"https:\/\/jamkuly.website\/index.php?rest_route=%2Fwp%2Fv2%2Fcomments&post=23"}],"version-history":[{"count":1,"href":"https:\/\/jamkuly.website\/index.php?rest_route=\/wp\/v2\/pages\/23\/revisions"}],"predecessor-version":[{"id":24,"href":"https:\/\/jamkuly.website\/index.php?rest_route=\/wp\/v2\/pages\/23\/revisions\/24"}],"wp:attachment":[{"href":"https:\/\/jamkuly.website\/index.php?rest_route=%2Fwp%2Fv2%2Fmedia&parent=23"}],"curies":[{"name":"wp","href":"https:\/\/api.w.org\/{rel}","templated":true}]}}